{"id":42,"date":"2021-04-08T16:55:56","date_gmt":"2021-04-08T16:55:56","guid":{"rendered":"https:\/\/www.woodundwagner.de\/?page_id=42"},"modified":"2021-09-30T16:09:45","modified_gmt":"2021-09-30T16:09:45","slug":"banner","status":"publish","type":"page","link":"https:\/\/www.woodundwagner.de\/","title":{"rendered":"Qualifikationen"},"content":{"rendered":"\n<figure class=\"wp-block-pullquote is-style-default\"><blockquote><p>Bautentrocknungsgewerbe<br>Bodenleger<br>Einbau von genormten Baufertigteilen<br>(z.B. Fenster, T\u00fcren, Zargen, Regale)<br>Holz- und Bautensch\u00fctzer<br>(Mauerschutz und Holzimpr\u00e4gnierung in Geb\u00e4uden)<\/p><p>Holzterrassen aufbereiten<\/p><p>Holzfenster aufbereiten<\/p><\/blockquote><\/figure>\n\n\n\n<p><\/p>\n","protected":false},"excerpt":{"rendered":"<div class=\"entry-summary\">\nBautentrocknungsgewerbeBodenlegerEinbau von genormten Baufertigteilen(z.B. Fenster, T\u00fcren, Zargen, Regale)Holz- und Bautensch\u00fctzer(Mauerschutz und Holzimpr\u00e4gnierung&hellip;\n<\/div>\n<div class=\"link-more\"><a href=\"https:\/\/www.woodundwagner.de\/\" class=\"more-link\">Continue reading<span class=\"screen-reader-text\"> &ldquo;Qualifikationen&rdquo;<\/span>&hellip;<\/a><\/div>\n","protected":false},"author":1,"featured_media":0,"parent":0,"menu_order":0,"comment_status":"closed","ping_status":"closed","template":"page-template\/_fullwidth.php","meta":[],"_links":{"self":[{"href":"https:\/\/www.woodundwagner.de\/index.php?rest_route=\/wp\/v2\/pages\/42"}],"collection":[{"href":"https:\/\/www.woodundwagner.de\/index.php?rest_route=\/wp\/v2\/pages"}],"about":[{"href":"https:\/\/www.woodundwagner.de\/index.php?rest_route=\/wp\/v2\/types\/page"}],"author":[{"embeddable":true,"href":"https:\/\/www.woodundwagner.de\/index.php?rest_route=\/wp\/v2\/users\/1"}],"replies":[{"embeddable":true,"href":"https:\/\/www.woodundwagner.de\/index.php?rest_route=%2Fwp%2Fv2%2Fcomments&post=42"}],"version-history":[{"count":7,"href":"https:\/\/www.woodundwagner.de\/index.php?rest_route=\/wp\/v2\/pages\/42\/revisions"}],"predecessor-version":[{"id":155,"href":"https:\/\/www.woodundwagner.de\/index.php?rest_route=\/wp\/v2\/pages\/42\/revisions\/155"}],"wp:attachment":[{"href":"https:\/\/www.woodundwagner.de\/index.php?rest_route=%2Fwp%2Fv2%2Fmedia&parent=42"}],"curies":[{"name":"wp","href":"https:\/\/api.w.org\/{rel}","templated":true}]}}